{"id":37,"date":"2015-07-06T18:27:44","date_gmt":"2015-07-06T18:27:44","guid":{"rendered":"http:\/\/themetonic.net\/malibu\/?page_id=37"},"modified":"2024-07-04T10:41:02","modified_gmt":"2024-07-04T10:41:02","slug":"cafe-fink-taeglich-frisch","status":"publish","type":"page","link":"https:\/\/cafe-fink.de\/","title":{"rendered":"Caf\u00e9 Fink &#8211; T\u00e4glich frische und hausgemachte Kuchen und Torten"},"content":{"rendered":"","protected":false},"excerpt":{"rendered":"","protected":false},"author":1,"featured_media":0,"parent":0,"menu_order":0,"comment_status":"open","ping_status":"open","template":"onepage.php","meta":{"footnotes":""},"class_list":["post-37","page","type-page","status-publish","hentry"],"yoast_head":"<!-- This site is optimized with the Yoast SEO plugin v25.6 - https:\/\/yoast.com\/wordpress\/plugins\/seo\/ -->\n<title>Caf\u00e9 Fink - t\u00e4glich frisch<\/title>\n<meta name=\"description\" content=\"Genie\u00dfen Sie im Caf\u00e9 Fink in Fischbach bei N\u00fcrnberg t\u00e4glich frische und hausgemachte Kuchen, Torten &amp; fr\u00e4nkische Brotzeiten in gepflegtem Ambiente.\" \/>\n<meta name=\"robots\" content=\"index, follow, max-snippet:-1, max-image-preview:large, max-video-preview:-1\" \/>\n<link rel=\"canonical\" href=\"https:\/\/cafe-fink.de\/\" \/>\n<meta property=\"og:locale\" content=\"de_DE\" \/>\n<meta property=\"og:type\" content=\"article\" \/>\n<meta property=\"og:title\" content=\"Caf\u00e9 Fink - t\u00e4glich frisch\" \/>\n<meta property=\"og:description\" content=\"Genie\u00dfen Sie im Caf\u00e9 Fink in Fischbach bei N\u00fcrnberg t\u00e4glich frische und hausgemachte Kuchen, Torten &amp; fr\u00e4nkische Brotzeiten in gepflegtem Ambiente.\" \/>\n<meta property=\"og:url\" content=\"https:\/\/cafe-fink.de\/\" \/>\n<meta property=\"og:site_name\" content=\"Caf\u00e9 Fink\" \/>\n<meta property=\"article:publisher\" content=\"https:\/\/de-de.facebook.com\/cafe.fink\/\" \/>\n<meta property=\"article:modified_time\" content=\"2024-07-04T10:41:02+00:00\" \/>\n<meta name=\"twitter:card\" content=\"summary_large_image\" \/>\n<script type=\"application\/ld+json\" class=\"yoast-schema-graph\">{\"@context\":\"https:\/\/schema.org\",\"@graph\":[{\"@type\":\"WebPage\",\"@id\":\"https:\/\/cafe-fink.de\/\",\"url\":\"https:\/\/cafe-fink.de\/\",\"name\":\"Caf\u00e9 Fink - t\u00e4glich frisch\",\"isPartOf\":{\"@id\":\"https:\/\/cafe-fink.de\/#website\"},\"datePublished\":\"2015-07-06T18:27:44+00:00\",\"dateModified\":\"2024-07-04T10:41:02+00:00\",\"description\":\"Genie\u00dfen Sie im Caf\u00e9 Fink in Fischbach bei N\u00fcrnberg t\u00e4glich frische und hausgemachte Kuchen, Torten & fr\u00e4nkische Brotzeiten in gepflegtem Ambiente.\",\"breadcrumb\":{\"@id\":\"https:\/\/cafe-fink.de\/#breadcrumb\"},\"inLanguage\":\"de\",\"potentialAction\":[{\"@type\":\"ReadAction\",\"target\":[\"https:\/\/cafe-fink.de\/\"]}]},{\"@type\":\"BreadcrumbList\",\"@id\":\"https:\/\/cafe-fink.de\/#breadcrumb\",\"itemListElement\":[{\"@type\":\"ListItem\",\"position\":1,\"name\":\"Startseite\",\"item\":\"https:\/\/cafe-fink.de\/\"},{\"@type\":\"ListItem\",\"position\":2,\"name\":\"Caf\u00e9 Fink &#8211; T\u00e4glich frische und hausgemachte Kuchen und Torten\"}]},{\"@type\":\"WebSite\",\"@id\":\"https:\/\/cafe-fink.de\/#website\",\"url\":\"https:\/\/cafe-fink.de\/\",\"name\":\"Caf\u00e9 Fink\",\"description\":\"T\u00e4glich frische, hausgemachte Kuchen und Torten\",\"publisher\":{\"@id\":\"https:\/\/cafe-fink.de\/#organization\"},\"potentialAction\":[{\"@type\":\"SearchAction\",\"target\":{\"@type\":\"EntryPoint\",\"urlTemplate\":\"https:\/\/cafe-fink.de\/?s={search_term_string}\"},\"query-input\":{\"@type\":\"PropertyValueSpecification\",\"valueRequired\":true,\"valueName\":\"search_term_string\"}}],\"inLanguage\":\"de\"},{\"@type\":\"Organization\",\"@id\":\"https:\/\/cafe-fink.de\/#organization\",\"name\":\"Caf\u00e9 Fink\",\"url\":\"https:\/\/cafe-fink.de\/\",\"logo\":{\"@type\":\"ImageObject\",\"inLanguage\":\"de\",\"@id\":\"https:\/\/cafe-fink.de\/#\/schema\/logo\/image\/\",\"url\":\"https:\/\/cafe-fink.de\/wp-content\/uploads\/2016\/08\/Logo_CafeFink.jpg\",\"contentUrl\":\"https:\/\/cafe-fink.de\/wp-content\/uploads\/2016\/08\/Logo_CafeFink.jpg\",\"width\":612,\"height\":365,\"caption\":\"Caf\u00e9 Fink\"},\"image\":{\"@id\":\"https:\/\/cafe-fink.de\/#\/schema\/logo\/image\/\"},\"sameAs\":[\"https:\/\/de-de.facebook.com\/cafe.fink\/\"]}]}<\/script>\n<!-- \/ Yoast SEO plugin. -->","yoast_head_json":{"title":"Caf\u00e9 Fink - t\u00e4glich frisch","description":"Genie\u00dfen Sie im Caf\u00e9 Fink in Fischbach bei N\u00fcrnberg t\u00e4glich frische und hausgemachte Kuchen, Torten & fr\u00e4nkische Brotzeiten in gepflegtem Ambiente.","robots":{"index":"index","follow":"follow","max-snippet":"max-snippet:-1","max-image-preview":"max-image-preview:large","max-video-preview":"max-video-preview:-1"},"canonical":"https:\/\/cafe-fink.de\/","og_locale":"de_DE","og_type":"article","og_title":"Caf\u00e9 Fink - t\u00e4glich frisch","og_description":"Genie\u00dfen Sie im Caf\u00e9 Fink in Fischbach bei N\u00fcrnberg t\u00e4glich frische und hausgemachte Kuchen, Torten & fr\u00e4nkische Brotzeiten in gepflegtem Ambiente.","og_url":"https:\/\/cafe-fink.de\/","og_site_name":"Caf\u00e9 Fink","article_publisher":"https:\/\/de-de.facebook.com\/cafe.fink\/","article_modified_time":"2024-07-04T10:41:02+00:00","twitter_card":"summary_large_image","schema":{"@context":"https:\/\/schema.org","@graph":[{"@type":"WebPage","@id":"https:\/\/cafe-fink.de\/","url":"https:\/\/cafe-fink.de\/","name":"Caf\u00e9 Fink - t\u00e4glich frisch","isPartOf":{"@id":"https:\/\/cafe-fink.de\/#website"},"datePublished":"2015-07-06T18:27:44+00:00","dateModified":"2024-07-04T10:41:02+00:00","description":"Genie\u00dfen Sie im Caf\u00e9 Fink in Fischbach bei N\u00fcrnberg t\u00e4glich frische und hausgemachte Kuchen, Torten & fr\u00e4nkische Brotzeiten in gepflegtem Ambiente.","breadcrumb":{"@id":"https:\/\/cafe-fink.de\/#breadcrumb"},"inLanguage":"de","potentialAction":[{"@type":"ReadAction","target":["https:\/\/cafe-fink.de\/"]}]},{"@type":"BreadcrumbList","@id":"https:\/\/cafe-fink.de\/#breadcrumb","itemListElement":[{"@type":"ListItem","position":1,"name":"Startseite","item":"https:\/\/cafe-fink.de\/"},{"@type":"ListItem","position":2,"name":"Caf\u00e9 Fink &#8211; T\u00e4glich frische und hausgemachte Kuchen und Torten"}]},{"@type":"WebSite","@id":"https:\/\/cafe-fink.de\/#website","url":"https:\/\/cafe-fink.de\/","name":"Caf\u00e9 Fink","description":"T\u00e4glich frische, hausgemachte Kuchen und Torten","publisher":{"@id":"https:\/\/cafe-fink.de\/#organization"},"potentialAction":[{"@type":"SearchAction","target":{"@type":"EntryPoint","urlTemplate":"https:\/\/cafe-fink.de\/?s={search_term_string}"},"query-input":{"@type":"PropertyValueSpecification","valueRequired":true,"valueName":"search_term_string"}}],"inLanguage":"de"},{"@type":"Organization","@id":"https:\/\/cafe-fink.de\/#organization","name":"Caf\u00e9 Fink","url":"https:\/\/cafe-fink.de\/","logo":{"@type":"ImageObject","inLanguage":"de","@id":"https:\/\/cafe-fink.de\/#\/schema\/logo\/image\/","url":"https:\/\/cafe-fink.de\/wp-content\/uploads\/2016\/08\/Logo_CafeFink.jpg","contentUrl":"https:\/\/cafe-fink.de\/wp-content\/uploads\/2016\/08\/Logo_CafeFink.jpg","width":612,"height":365,"caption":"Caf\u00e9 Fink"},"image":{"@id":"https:\/\/cafe-fink.de\/#\/schema\/logo\/image\/"},"sameAs":["https:\/\/de-de.facebook.com\/cafe.fink\/"]}]}},"_links":{"self":[{"href":"https:\/\/cafe-fink.de\/index.php?rest_route=\/wp\/v2\/pages\/37"}],"collection":[{"href":"https:\/\/cafe-fink.de\/index.php?rest_route=\/wp\/v2\/pages"}],"about":[{"href":"https:\/\/cafe-fink.de\/index.php?rest_route=\/wp\/v2\/types\/page"}],"author":[{"embeddable":true,"href":"https:\/\/cafe-fink.de\/index.php?rest_route=\/wp\/v2\/users\/1"}],"replies":[{"embeddable":true,"href":"https:\/\/cafe-fink.de\/index.php?rest_route=%2Fwp%2Fv2%2Fcomments&post=37"}],"version-history":[{"count":4,"href":"https:\/\/cafe-fink.de\/index.php?rest_route=\/wp\/v2\/pages\/37\/revisions"}],"predecessor-version":[{"id":1090,"href":"https:\/\/cafe-fink.de\/index.php?rest_route=\/wp\/v2\/pages\/37\/revisions\/1090"}],"wp:attachment":[{"href":"https:\/\/cafe-fink.de\/index.php?rest_route=%2Fwp%2Fv2%2Fmedia&parent=37"}],"curies":[{"name":"wp","href":"https:\/\/api.w.org\/{rel}","templated":true}]}}